{"id":64,"date":"2017-11-21T12:22:14","date_gmt":"2017-11-21T12:22:14","guid":{"rendered":"http:\/\/shar.fi\/?page_id=64"},"modified":"2024-01-24T09:02:58","modified_gmt":"2024-01-24T09:02:58","slug":"yhteystiedot","status":"publish","type":"page","link":"https:\/\/shar.fi\/?page_id=64","title":{"rendered":"Yhteystiedot"},"content":{"rendered":"<p>[et_pb_section fb_built=&#8221;1&#8243; _builder_version=&#8221;4.16&#8243; global_colors_info=&#8221;{}&#8221;][et_pb_row column_structure=&#8221;2_3,1_3&#8243; _builder_version=&#8221;4.16&#8243; background_size=&#8221;initial&#8221; background_position=&#8221;top_left&#8221; background_repeat=&#8221;repeat&#8221; global_colors_info=&#8221;{}&#8221;][et_pb_column type=&#8221;2_3&#8243; _builder_version=&#8221;4.16&#8243; custom_padding=&#8221;|||&#8221; global_colors_info=&#8221;{}&#8221; custom_padding__hover=&#8221;|||&#8221;][et_pb_image align_tablet=&#8221;center&#8221; align_phone=&#8221;&#8221; align_last_edited=&#8221;on|desktop&#8221; _builder_version=&#8221;4.16&#8243; global_colors_info=&#8221;{}&#8221;][\/et_pb_image][et_pb_image src=&#8221;https:\/\/shar.fi\/wp-content\/uploads\/2019\/11\/shar4.jpg&#8221; align_tablet=&#8221;center&#8221; align_phone=&#8221;&#8221; align_last_edited=&#8221;on|desktop&#8221; _builder_version=&#8221;4.16&#8243; global_colors_info=&#8221;{}&#8221;][\/et_pb_image][et_pb_blurb title=&#8221;Peruutukset teht\u00e4v\u00e4 48h ennen varattua aikaa.&#8221; _builder_version=&#8221;4.24.0&#8243; hover_enabled=&#8221;0&#8243; global_colors_info=&#8221;{}&#8221; sticky_enabled=&#8221;0&#8243;]<\/p>\n<p>Peruuttamattomista tai alle vuorokauden sis\u00e4\u00e4n peruutetuista ajoista perimme palvelun hinnan.<\/p>\n<p>[\/et_pb_blurb][\/et_pb_column][et_pb_column type=&#8221;1_3&#8243; _builder_version=&#8221;4.16&#8243; custom_padding=&#8221;|||&#8221; global_colors_info=&#8221;{}&#8221; custom_padding__hover=&#8221;|||&#8221;][et_pb_text admin_label=&#8221;Text&#8221; _builder_version=&#8221;4.16&#8243; text_font=&#8221;Amiko||||||||&#8221; text_font_size=&#8221;13px&#8221; header_font=&#8221;Amiko||||||||&#8221; background_size=&#8221;initial&#8221; background_position=&#8221;top_left&#8221; background_repeat=&#8221;repeat&#8221; custom_margin=&#8221;25px|||&#8221; global_colors_info=&#8221;{}&#8221;]<\/p>\n<h1><strong>Parturi-Kampaamo Sha\u00b4r<\/strong><\/h1>\n<p>&nbsp;<\/p>\n<p>Rautainen ammattilaistiimimme jatkaa intohimoaan samoissa tiloissa hiustenhoidon ja muotoilun parissa uudella modernilla ilmeell\u00e4\u00a0 tutussa osoitteessa Klaukkalan keskeisell\u00e4 paikalla.<\/p>\n<p>Syd\u00e4mellisesti tervetuloa!<\/p>\n<p><strong>Osoite:<\/strong> Kiikkaistenkuja 1, 01800 Klaukkala<\/p>\n<p><strong>Puh:<\/strong> (09) 596 800<\/p>\n<p><strong>S\u00e4hk\u00f6posti<\/strong>: asiakaspalvelu(@)shar.fi<\/p>\n<p>(huom! ajanvaraukset, siirrot ja peruutukset nettiajanvarauksen kautta tai soittamalla\/tekstiviestill\u00e4)<\/p>\n<p>&nbsp;<\/p>\n<p><strong>Avoinna sopimuksen mukaan.<\/strong><\/p>\n<p>[\/et_pb_text][et_pb_cta title=&#8221;Nettiajanvaraus&#8221; button_url=&#8221;https:\/\/shar.asioi.fi\/ajanvaraus\/&#8221; url_new_window=&#8221;on&#8221; button_text=&#8221;Varaa aikasi!&#8221; _builder_version=&#8221;4.16&#8243; header_font=&#8221;||||||||&#8221; header_font_size=&#8221;21px&#8221; custom_button=&#8221;on&#8221; button_text_color=&#8221;#ffffff&#8221; button_border_width=&#8221;3px&#8221; button_border_color=&#8221;#ffffff&#8221; button_font=&#8221;||||||||&#8221; button_icon=&#8221;&#xe60d;||divi||400&#8243; global_colors_info=&#8221;{}&#8221; button_text_size__hover_enabled=&#8221;off&#8221; button_one_text_size__hover_enabled=&#8221;off&#8221; button_two_text_size__hover_enabled=&#8221;off&#8221; button_text_color__hover_enabled=&#8221;off&#8221; button_one_text_color__hover_enabled=&#8221;off&#8221; button_two_text_color__hover_enabled=&#8221;off&#8221; button_border_width__hover_enabled=&#8221;off&#8221; button_one_border_width__hover_enabled=&#8221;off&#8221; button_two_border_width__hover_enabled=&#8221;off&#8221; button_border_color__hover_enabled=&#8221;off&#8221; button_one_border_color__hover_enabled=&#8221;off&#8221; button_two_border_color__hover_enabled=&#8221;off&#8221; button_border_radius__hover_enabled=&#8221;off&#8221; button_one_border_radius__hover_enabled=&#8221;off&#8221; button_two_border_radius__hover_enabled=&#8221;off&#8221; button_letter_spacing__hover_enabled=&#8221;off&#8221; button_one_letter_spacing__hover_enabled=&#8221;off&#8221; button_two_letter_spacing__hover_enabled=&#8221;off&#8221; button_bg_color__hover_enabled=&#8221;off&#8221; button_one_bg_color__hover_enabled=&#8221;off&#8221; button_two_bg_color__hover_enabled=&#8221;off&#8221;][\/et_pb_cta][\/et_pb_column][\/et_pb_row][\/et_pb_section][et_pb_section fb_built=&#8221;1&#8243; _builder_version=&#8221;3.0.89&#8243; background_color=&#8221;#000000&#8243; custom_padding=&#8221;54px|0px|0px|0px&#8221; global_module=&#8221;155&#8243; saved_tabs=&#8221;all&#8221; global_colors_info=&#8221;{}&#8221;][et_pb_row _builder_version=&#8221;4.16&#8243; global_colors_info=&#8221;{}&#8221;][et_pb_column type=&#8221;4_4&#8243; _builder_version=&#8221;4.16&#8243; custom_padding=&#8221;|||&#8221; global_colors_info=&#8221;{}&#8221; custom_padding__hover=&#8221;|||&#8221;][et_pb_map address=&#8221;Kiikkaistenkuja 1, 01800 Nurmij\u00e4rvi, Finland&#8221; address_lat=&#8221;60.3832918&#8243; address_lng=&#8221;24.7473957&#8243; _builder_version=&#8221;4.16&#8243; global_colors_info=&#8221;{}&#8221;][\/et_pb_map][\/et_pb_column][\/et_pb_row][\/et_pb_section]<\/p>\n","protected":false},"excerpt":{"rendered":"<p>Peruuttamattomista tai alle vuorokauden sis\u00e4\u00e4n peruutetuista ajoista perimme palvelun hinnan.Parturi-Kampaamo Sha\u00b4r &nbsp; Rautainen ammattilaistiimimme jatkaa intohimoaan samoissa tiloissa hiustenhoidon ja muotoilun parissa uudella modernilla ilmeell\u00e4\u00a0 tutussa osoitteessa Klaukkalan keskeisell\u00e4 paikalla. Syd\u00e4mellisesti tervetuloa! Osoite: Kiikkaistenkuja 1, 01800 Klaukkala Puh: (09) 596 800 S\u00e4hk\u00f6posti: asiakaspalvelu(@)shar.fi (huom! ajanvaraukset, siirrot ja peruutukset nettiajanvarauksen kautta tai soittamalla\/tekstiviestill\u00e4) &nbsp; Avoinna sopimuksen [&hellip;]<\/p>\n","protected":false},"author":1,"featured_media":0,"parent":0,"menu_order":0,"comment_status":"closed","ping_status":"closed","template":"","meta":{"_et_pb_use_builder":"on","_et_pb_old_content":"","_et_gb_content_width":"","footnotes":""},"class_list":["post-64","page","type-page","status-publish","hentry"],"_links":{"self":[{"href":"https:\/\/shar.fi\/index.php?rest_route=\/wp\/v2\/pages\/64","targetHints":{"allow":["GET"]}}],"collection":[{"href":"https:\/\/shar.fi\/index.php?rest_route=\/wp\/v2\/pages"}],"about":[{"href":"https:\/\/shar.fi\/index.php?rest_route=\/wp\/v2\/types\/page"}],"author":[{"embeddable":true,"href":"https:\/\/shar.fi\/index.php?rest_route=\/wp\/v2\/users\/1"}],"replies":[{"embeddable":true,"href":"https:\/\/shar.fi\/index.php?rest_route=%2Fwp%2Fv2%2Fcomments&post=64"}],"version-history":[{"count":21,"href":"https:\/\/shar.fi\/index.php?rest_route=\/wp\/v2\/pages\/64\/revisions"}],"predecessor-version":[{"id":478,"href":"https:\/\/shar.fi\/index.php?rest_route=\/wp\/v2\/pages\/64\/revisions\/478"}],"wp:attachment":[{"href":"https:\/\/shar.fi\/index.php?rest_route=%2Fwp%2Fv2%2Fmedia&parent=64"}],"curies":[{"name":"wp","href":"https:\/\/api.w.org\/{rel}","templated":true}]}}