{"id":178,"date":"2017-11-28T07:34:24","date_gmt":"2017-11-28T07:34:24","guid":{"rendered":"http:\/\/shar.fi\/?page_id=178"},"modified":"2026-01-08T13:30:57","modified_gmt":"2026-01-08T13:30:57","slug":"hinnasto-2","status":"publish","type":"page","link":"https:\/\/shar.fi\/?page_id=178","title":{"rendered":"Hinnasto"},"content":{"rendered":"<p>[et_pb_section fb_built=&#8221;1&#8243; _builder_version=&#8221;4.16&#8243; background_color=&#8221;#000000&#8243; custom_padding=&#8221;54px|0px|15px|0px||&#8221; global_colors_info=&#8221;{}&#8221;][et_pb_row _builder_version=&#8221;4.21.0&#8243; width=&#8221;90%&#8221; width_tablet=&#8221;90%&#8221; width_phone=&#8221;100%&#8221; width_last_edited=&#8221;on|phone&#8221; max_width=&#8221;1009px&#8221; module_alignment=&#8221;center&#8221; global_colors_info=&#8221;{}&#8221;][et_pb_column type=&#8221;4_4&#8243; _builder_version=&#8221;4.21.0&#8243; custom_padding=&#8221;|||&#8221; global_colors_info=&#8221;{}&#8221; custom_padding__hover=&#8221;|||&#8221;][et_pb_text _builder_version=&#8221;4.21.0&#8243; text_font=&#8221;||||||||&#8221; header_font=&#8221;|600|||||||&#8221; header_font_size=&#8221;33px&#8221; header_letter_spacing=&#8221;2px&#8221; text_orientation=&#8221;center&#8221; background_layout=&#8221;dark&#8221; width=&#8221;100%&#8221; width_tablet=&#8221;100%&#8221; width_phone=&#8221;100%&#8221; width_last_edited=&#8221;on|desktop&#8221; module_alignment=&#8221;center&#8221; custom_margin=&#8221;||||false|false&#8221; custom_padding=&#8221;|0px||0px|false|false&#8221; global_colors_info=&#8221;{}&#8221; width__hover_enabled=&#8221;on|desktop&#8221; width__hover=&#8221;100%&#8221;]<\/p>\n<h2><strong>PALVELUHINNASTO<\/strong>\u00a0<\/h2>\n<p>&nbsp;<\/p>\n<p>[\/et_pb_text][\/et_pb_column][\/et_pb_row][et_pb_row column_structure=&#8221;2_3,1_3&#8243; _builder_version=&#8221;4.21.0&#8243; _module_preset=&#8221;default&#8221; width=&#8221;100%&#8221; max_width=&#8221;1481px&#8221; module_alignment=&#8221;center&#8221; global_colors_info=&#8221;{}&#8221;][et_pb_column type=&#8221;2_3&#8243; _builder_version=&#8221;4.21.0&#8243; _module_preset=&#8221;default&#8221; global_colors_info=&#8221;{}&#8221;][et_pb_text _builder_version=&#8221;4.27.5&#8243; _module_preset=&#8221;default&#8221; text_text_color=&#8221;#FFFFFF&#8221; header_2_text_align=&#8221;left&#8221; width=&#8221;100%&#8221; module_alignment=&#8221;left&#8221; custom_margin=&#8221;|-36px||||&#8221; text_font_size_tablet=&#8221;&#8221; text_font_size_phone=&#8221;7px&#8221; text_font_size_last_edited=&#8221;on|phone&#8221; header_2_font_size_tablet=&#8221;&#8221; header_2_font_size_phone=&#8221;15px&#8221; header_2_font_size_last_edited=&#8221;on|phone&#8221; global_colors_info=&#8221;{}&#8221;]<\/p>\n<h2><span style=\"color: #ffffff;\">PARTURI \u2013 LEIKKAUSPALVELUT<\/span><\/h2>\n<p>Mallin yll\u00e4pitoleikkaus (sis. pesu ja muotoilu) \u2013 36,00 \u20ac<br \/>Mallin muutosleikkaus (sis. pesu ja muotoilu) \u2013 41,00 \u20ac<br \/>Lasten hiustenleikkaus alle 12 v. (ilman pesua) \u2013 30,00 \u20ac<br \/>Koneajo (ei saksia) \u2013 16,00 \u20ac<br \/>Parran ja viiksien siistiminen\/muotoilu (koneella\/saksilla) \u2013 20,00 \u20ac<br \/>Parran ja viiksien siistiminen\/muotoilu hiustenleikkauksen yhteydess\u00e4 \u2013 13,00 \u20ac<\/p>\n<p>&nbsp;<\/p>\n<p>&nbsp;<\/p>\n<h2><span style=\"color: #ffffff;\">PARTURI \u2013 V\u00c4RIPALVELUT<\/span><\/h2>\n<p>Harmaiden h\u00e4ivytys \u2013 49,00 \u20ac<br \/>Harmaiden h\u00e4ivytys + leikkaus \u2013 66,00 \u20ac<\/p>\n<p>&nbsp;<\/p>\n<p>&nbsp;<\/p>\n<h2><span style=\"color: #ffffff;\">KAMPAAMO \u2013 LEIKKAUSPALVELUT<\/span><\/h2>\n<p>Mallin yll\u00e4pitoleikkaus (sis. pesu ja viimeistely\/muotoilu) \u2013 59,00 \u20ac<br \/>Mallin muutosleikkaus (sis. pesu ja viimeistely\/muotoilu) \u2013 70,00 \u20ac<br \/>Lasten hiustenleikkaus alle 12 v. (kuivaus, ilman pesua) \u2013 30,00 \u20ac<br \/>Otsatukan leikkaus \u2013 15,00 \u20ac<br \/>Pitkien hiusten tasaus (max 5 cm) \u2013 25,00 \u20ac<\/p>\n<p>&nbsp;<\/p>\n<p>&nbsp;<\/p>\n<h2><span style=\"color: #ffffff;\">KAMPAAMO \u2013 V\u00c4RIPALVELUT (ei alle 16 v.)<\/span><\/h2>\n<p><em>Katso oma hiuspituutesi.<\/em><\/p>\n<h3><span style=\"color: #ffffff;\">Tyviv\u00e4rit<\/span><\/h3>\n<p>Tyviv\u00e4ri (1,5 cm) \u2013 85,00 \u20ac<br \/>Tyviv\u00e4ri (1,5 cm) + leikkaus \u2013 105,00 \u20ac<\/p>\n<h3><span style=\"color: #ffffff;\">Lyhyet hiukset<\/span><\/h3>\n<p>V\u00e4rj\u00e4ys \u2013 106,00 \u20ac<br \/>V\u00e4rj\u00e4ys + leikkaus \u2013 126,00 \u20ac<br \/>Raidat \/ moniv\u00e4riv\u00e4rj\u00e4ys (sis. Bond Fusion -hoidon) \u2013 130,00 \u20ac<br \/>Raidat \/ moniv\u00e4riv\u00e4rj\u00e4ys + leikkaus \u2013 150,00 \u20ac<\/p>\n<h3><span style=\"color: #ffffff;\">Puolipitk\u00e4t hiukset<\/span><\/h3>\n<p>V\u00e4rj\u00e4ys \u2013 132,00 \u20ac<br \/>V\u00e4rj\u00e4ys + leikkaus \u2013 140,00 \u20ac<br \/>Raidat \/ moniv\u00e4riv\u00e4rj\u00e4ys (sis. Bond Fusion -hoidon) \u2013 155,00 \u20ac<br \/>Raidat \/ moniv\u00e4riv\u00e4rj\u00e4ys + leikkaus \u2013 175,00 \u20ac<\/p>\n<h3><span style=\"color: #ffffff;\">Pitk\u00e4t hiukset<\/span><\/h3>\n<p>V\u00e4rj\u00e4ys \u2013 155,00 \u20ac<br \/>V\u00e4rj\u00e4ys + leikkaus \u2013 175,00 \u20ac<br \/>Raidat \/ moniv\u00e4riv\u00e4rj\u00e4ys (sis. Bond Fusion -hoidon) \u2013 190,00 \u20ac<br \/>Raidat \/ moniv\u00e4riv\u00e4rj\u00e4ys + leikkaus \u2013 210,00 \u20ac<\/p>\n<h3><span style=\"color: #ffffff;\">Eritt\u00e4in pitk\u00e4t hiukset<\/span><\/h3>\n<p>V\u00e4rj\u00e4ys \u2013 178,00 \u20ac<br \/>V\u00e4rj\u00e4ys + leikkaus \u2013 198,00 \u20ac<br \/>Raidat \/ moniv\u00e4riv\u00e4rj\u00e4ys (sis. Bond Fusion -hoidon) \u2013 210,00 \u20ac<br \/>Raidat \/ moniv\u00e4riv\u00e4rj\u00e4ys + leikkaus \u2013 240,00 \u20ac<\/p>\n<h3><span style=\"color: #ffffff;\">Taittos\u00e4vyt v\u00e4rin tai raitojen yhteydess\u00e4<\/span><\/h3>\n<p>Lyhyet hiukset \u2013 25,00 \u20ac<br \/>Puolipitk\u00e4t hiukset \u2013 45,00 \u20ac<br \/>Pitk\u00e4t \/ eritt\u00e4in pitk\u00e4t hiukset \u2013 60,00 \u20ac<\/p>\n<p><strong>Yli 4 tunnin ty\u00f6st\u00e4 veloitamme palvelun lis\u00e4ksi 65 \u20ac\/h ylimenev\u00e4lt\u00e4 ajalta.<\/strong><\/p>\n<p><strong><\/strong><\/p>\n<p><strong><\/strong><\/p>\n<h2><span style=\"color: #ffffff;\">VAALEAKSI V\u00c4RJ\u00c4YS<\/span><\/h2>\n<p>Tyven vaaleaksi v\u00e4rj\u00e4ys \u2013 110,00 \u20ac<br \/>Tyven vaaleaksi v\u00e4rj\u00e4ys + leikkaus \u2013 130,00 \u20ac<br \/>Lyhyiden hiusten vaaleaksi v\u00e4rj\u00e4ys \u2013 135,00 \u20ac<br \/>Lyhyiden hiusten vaaleaksi v\u00e4rj\u00e4ys + leikkaus \u2013 155,00 \u20ac<br \/>Puolipitkien hiusten vaaleaksi v\u00e4rj\u00e4ys \u2013 158,00 \u20ac<br \/>Puolipitkien hiusten vaaleaksi v\u00e4rj\u00e4ys + leikkaus \u2013 178,00 \u20ac<br \/>Pitkien hiusten vaaleaksi v\u00e4rj\u00e4ys \u2013 180,00 \u20ac<br \/>Pitkien hiusten vaaleaksi v\u00e4rj\u00e4ys + leikkaus \u2013 200,00 \u20ac<br \/>Eritt\u00e4in pitkien hiusten vaaleaksi v\u00e4rj\u00e4ys \u2013 200,00 \u20ac<br \/>Eritt\u00e4in pitkien hiusten vaaleaksi v\u00e4rj\u00e4ys + leikkaus \u2013 220,00 \u20ac<\/p>\n<p>&nbsp;<\/p>\n<p>&nbsp;<\/p>\n<h2><span style=\"color: #ffffff;\">HIUSTEN JA HIUSPOHJAN HOIDOT<\/span><\/h2>\n<p><em>(lis\u00e4palvelu muun palvelun yhteydess\u00e4)<\/em><\/p>\n<p>Ampullihoito lyhyille \/ puolipitkille hiuksille \u2013 30,00 \u20ac<br \/>Ampullihoito pitkille \/ eritt\u00e4in pitkille hiuksille \u2013 35,00 \u20ac<br \/>Vaahtohoito lyhyille \/ puolipitkille hiuksille \u2013 20,00 \u20ac<br \/>Vaahtohoito pitkille \/ eritt\u00e4in pitkille hiuksille \u2013 25,00 \u20ac<br \/>Hiuspohjan kuorinta ja kosteutus \u2013 20,00 \u20ac<br \/>Valitsemasi hoito ja f\u00f6\u00f6naus lyhyille hiuksille \u2013 55,00 \u20ac<br \/>Valitsemasi hoito ja f\u00f6\u00f6naus puoli-, pitkille ja eritt\u00e4in pitkille hiuksille \u2013 70,00 \u20ac<\/p>\n<p>&nbsp;<\/p>\n<p>&nbsp;<\/p>\n<h2><span style=\"color: #ffffff;\">HIUKSIA SILOTTAVA K\u00c4SITTELY<\/span><\/h2>\n<p>Lyhyet hiukset \u2013 150,00 \u20ac<br \/>Lyhyet hiukset + leikkaus \u2013 180,00 \u20ac<br \/>Puolipitk\u00e4t hiukset \u2013 170,00 \u20ac<br \/>Puolipitk\u00e4t hiukset + leikkaus \u2013 200,00 \u20ac<br \/>Pitk\u00e4t hiukset \u2013 190,00 \u20ac<br \/>Pitk\u00e4t hiukset + leikkaus \u2013 220,00 \u20ac<\/p>\n<p>&nbsp;<\/p>\n<p>&nbsp;<\/p>\n<h2><span style=\"color: #ffffff;\">RIPSET JA KULMAT<\/span><\/h2>\n<p>Kulmien muotoilu ja\/tai v\u00e4rj\u00e4ys \u2013 22,00 \u20ac<br \/>Ripsien ja kulmien muotoilu ja v\u00e4rj\u00e4ys \u2013 35,00 \u20ac<\/p>\n<p>&nbsp;<\/p>\n<p>&nbsp;<\/p>\n<h2><span style=\"color: #ffffff;\">KAMPAUKSET<\/span><\/h2>\n<p>Lyhyiden hiusten f\u00f6\u00f6naus (sis. pesun) \u2013 35,00 \u20ac<br \/>Puolipitkien ja pitkien hiusten f\u00f6\u00f6naus (sis. pesun) \u2013 50,00 \u20ac<\/p>\n<p>&nbsp;<\/p>\n<p>&nbsp;<\/p>\n<p>[\/et_pb_text][\/et_pb_column][et_pb_column type=&#8221;1_3&#8243; _builder_version=&#8221;4.21.0&#8243; _module_preset=&#8221;default&#8221; global_colors_info=&#8221;{}&#8221;][et_pb_image src=&#8221;https:\/\/shar.fi\/wp-content\/uploads\/2023\/05\/hiusten-pituus-kuva.jpeg&#8221; module_id=&#8221;hiusten pituudet&#8221; _builder_version=&#8221;4.21.0&#8243; _module_preset=&#8221;default&#8221; global_colors_info=&#8221;{}&#8221;][\/et_pb_image][\/et_pb_column][\/et_pb_row][\/et_pb_section][et_pb_section fb_built=&#8221;1&#8243; _builder_version=&#8221;4.16&#8243; custom_padding=&#8221;65px|0px|0px|0px&#8221; global_colors_info=&#8221;{}&#8221;][et_pb_row _builder_version=&#8221;4.16&#8243; custom_padding=&#8221;27px|0px|69px|0px&#8221; global_colors_info=&#8221;{}&#8221;][et_pb_column type=&#8221;4_4&#8243; _builder_version=&#8221;4.16&#8243; custom_padding=&#8221;|||&#8221; global_colors_info=&#8221;{}&#8221; custom_padding__hover=&#8221;|||&#8221;][et_pb_blurb title=&#8221;Peruutukset teht\u00e4v\u00e4 48h ennen varattua aikaa puhelimitse tai s\u00e4hk\u00f6postitse.&#8221; _builder_version=&#8221;4.27.5&#8243; header_text_align=&#8221;left&#8221; body_text_align=&#8221;left&#8221; module_alignment=&#8221;left&#8221; global_colors_info=&#8221;{}&#8221;]<\/p>\n<p>Peruuttamattomista tai alle 2 vuorokauden sis\u00e4\u00e4n peruutetuista ajoista olemme oikeutettuja perim\u00e4\u00e4n palvelun hinnan<\/p>\n<p>&nbsp;<\/p>\n<p>[\/et_pb_blurb][\/et_pb_column][\/et_pb_row][\/et_pb_section]<\/p>\n","protected":false},"excerpt":{"rendered":"<p>PALVELUHINNASTO\u00a0 &nbsp;PARTURI \u2013 LEIKKAUSPALVELUT Mallin yll\u00e4pitoleikkaus (sis. pesu ja muotoilu) \u2013 36,00 \u20acMallin muutosleikkaus (sis. pesu ja muotoilu) \u2013 41,00 \u20acLasten hiustenleikkaus alle 12 v. (ilman pesua) \u2013 30,00 \u20acKoneajo (ei saksia) \u2013 16,00 \u20acParran ja viiksien siistiminen\/muotoilu (koneella\/saksilla) \u2013 20,00 \u20acParran ja viiksien siistiminen\/muotoilu hiustenleikkauksen yhteydess\u00e4 \u2013 13,00 \u20ac &nbsp; &nbsp; PARTURI \u2013 V\u00c4RIPALVELUT [&hellip;]<\/p>\n","protected":false},"author":1,"featured_media":0,"parent":0,"menu_order":0,"comment_status":"closed","ping_status":"closed","template":"","meta":{"_et_pb_use_builder":"on","_et_pb_old_content":"","_et_gb_content_width":"","footnotes":""},"class_list":["post-178","page","type-page","status-publish","hentry"],"_links":{"self":[{"href":"https:\/\/shar.fi\/index.php?rest_route=\/wp\/v2\/pages\/178","targetHints":{"allow":["GET"]}}],"collection":[{"href":"https:\/\/shar.fi\/index.php?rest_route=\/wp\/v2\/pages"}],"about":[{"href":"https:\/\/shar.fi\/index.php?rest_route=\/wp\/v2\/types\/page"}],"author":[{"embeddable":true,"href":"https:\/\/shar.fi\/index.php?rest_route=\/wp\/v2\/users\/1"}],"replies":[{"embeddable":true,"href":"https:\/\/shar.fi\/index.php?rest_route=%2Fwp%2Fv2%2Fcomments&post=178"}],"version-history":[{"count":58,"href":"https:\/\/shar.fi\/index.php?rest_route=\/wp\/v2\/pages\/178\/revisions"}],"predecessor-version":[{"id":535,"href":"https:\/\/shar.fi\/index.php?rest_route=\/wp\/v2\/pages\/178\/revisions\/535"}],"wp:attachment":[{"href":"https:\/\/shar.fi\/index.php?rest_route=%2Fwp%2Fv2%2Fmedia&parent=178"}],"curies":[{"name":"wp","href":"https:\/\/api.w.org\/{rel}","templated":true}]}}